{"id":34,"date":"2023-03-07T21:41:30","date_gmt":"2023-03-07T20:41:30","guid":{"rendered":"https:\/\/www.bonnsol.com\/home\/"},"modified":"2024-09-23T10:30:35","modified_gmt":"2024-09-23T09:30:35","slug":"home","status":"publish","type":"page","link":"https:\/\/www.bonnsol.com\/","title":{"rendered":"Bonn Solutions"},"content":{"rendered":"\n\n\n\n<p>Lorem Ipsum has been the industry&#8217;s standard dummy text ever since the 1500s.<\/p>\n\n\n\n\n<h2>Bonn<\/h2>\n\n\n<p><span style=\"background-color: rgb(255, 255, 255); font-family: Poppins, sans-serif;\">A Bonn Solutions, Lda \u00e9 uma empresa angolana com actividade nas \u00e1reas de Consultoria, Solu\u00e7\u00f5es de Recursos Humanos, Compras, Cadeia de Abastecimento, Log\u00edstica, Importa\u00e7\u00e3o, Exporta\u00e7\u00e3o, Fornecimento e Distribui\u00e7\u00e3o de e para Angola encontrando e ajustando solu\u00e7\u00f5es \u00e1 medida dos seus clientes.<\/span><\/p>\n\n\n\n\n\n<h2>Miss\u00e3o<\/h2>\n\n\n\n<p><span style=\"color: rgb(32, 33, 36); font-family: arial, sans-serif; background-color: rgb(255, 255, 255);\">Actuar de forma respons\u00e1vel como uma empresa<\/span><span style=\"color: rgb(32, 33, 36); font-family: arial, sans-serif; background-color: rgb(255, 255, 255);\">\u00a0global e dedicar seu talento para criar servi\u00e7os superiores agregando valor para os seus clientes.<\/span><\/p>\n\n\n\n\n<p>Lorem Ipsum has been the industry&#8217;s standard dummy text ever since the 1500s.<\/p>\n\n\n\n\n\n\n<h2>Porqu\u00ea Bonn Solutions<\/h2>\n\n\n\n\n\n.\n\n\n\n\n<p>.<\/p>\n\n\n\n\n.\n\n\n\n\n\n\n\n\n<h2>Porqu\u00ea Bonn Solutions<\/h2>\n\n\n\n<p>Escolher nossa empresa significa optar por um parceiro confi\u00e1vel e comprometido com o seu sucesso. Estamos prontos para em conjunto ajudar a sua empresa a alcan\u00e7ar novos patamares de efici\u00eancia e crescimento. <br><br>Entre em contato conosco e descubra como podemos transformar suas opera\u00e7\u00f5es e contribuir para o seu sucesso.\u00a0<\/p>\n\n\n<p><strong>Na Bonn Solutions, n\u00e3o apenas fornecemos servi\u00e7os \u2014 n\u00f3s oferecemos resultados.<\/strong> Com nossa experi\u00eancia e dedica\u00e7\u00e3o \u00e0 excel\u00eancia, estamos prontos para enfrentar qualquer desafio e proporcionar solu\u00e7\u00f5es que fazem a diferen\u00e7a. Escolha a Bonn Solutions e descubra como podemos ajudar a alcan\u00e7ar seus objetivos com efici\u00eancia e qualidade.<\/p>\n\n\n&nbsp;\n\n\n\n\n\n\n.\n\n\n\n\n.\n\n\n\n\n.\n\n\n\n","protected":false},"excerpt":{"rendered":"","protected":false},"author":1,"featured_media":0,"parent":0,"menu_order":0,"comment_status":"closed","ping_status":"closed","template":"","meta":{"pagelayer_contact_templates":[],"_pagelayer_content":"","footnotes":""},"class_list":["post-34","page","type-page","status-publish","hentry"],"_links":{"self":[{"href":"https:\/\/www.bonnsol.com\/index.php?rest_route=\/wp\/v2\/pages\/34","targetHints":{"allow":["GET"]}}],"collection":[{"href":"https:\/\/www.bonnsol.com\/index.php?rest_route=\/wp\/v2\/pages"}],"about":[{"href":"https:\/\/www.bonnsol.com\/index.php?rest_route=\/wp\/v2\/types\/page"}],"author":[{"embeddable":true,"href":"https:\/\/www.bonnsol.com\/index.php?rest_route=\/wp\/v2\/users\/1"}],"replies":[{"embeddable":true,"href":"https:\/\/www.bonnsol.com\/index.php?rest_route=%2Fwp%2Fv2%2Fcomments&post=34"}],"version-history":[{"count":22,"href":"https:\/\/www.bonnsol.com\/index.php?rest_route=\/wp\/v2\/pages\/34\/revisions"}],"predecessor-version":[{"id":153,"href":"https:\/\/www.bonnsol.com\/index.php?rest_route=\/wp\/v2\/pages\/34\/revisions\/153"}],"wp:attachment":[{"href":"https:\/\/www.bonnsol.com\/index.php?rest_route=%2Fwp%2Fv2%2Fmedia&parent=34"}],"curies":[{"name":"wp","href":"https:\/\/api.w.org\/{rel}","templated":true}]}}